{"id":2608,"date":"2020-02-01T19:49:28","date_gmt":"2020-02-01T19:49:28","guid":{"rendered":"http:\/\/punkrock-bbq.de\/?page_id=2608"},"modified":"2021-10-12T10:30:49","modified_gmt":"2021-10-12T10:30:49","slug":"home-events","status":"publish","type":"page","link":"https:\/\/punkrock-bbq.de\/?page_id=2608","title":{"rendered":"Punkrock Br\u00e4u"},"content":{"rendered":"\n<p>Seit Oktober 2018 haben wir unsere kleine braumeistergef\u00fchrte Brauerei im Keller offiziell angemeldet.<\/p>\n\n\n\n<p>Im Augenblick gibt es 5 Sorten:<\/p>\n\n\n\n<p>Kellerbier 0,5l<\/p>\n\n\n\n<p> <\/p>\n\n\n\n<div class=\"wp-block-image\"><figure class=\"aligncenter size-large\"><img loading=\"lazy\" decoding=\"async\" width=\"768\" height=\"1024\" src=\"https:\/\/punkrock-bbq.de\/wp-content\/uploads\/2021\/10\/Keller-768x1024.jpg\" alt=\"\" class=\"wp-image-2696\" srcset=\"https:\/\/punkrock-bbq.de\/wp-content\/uploads\/2021\/10\/Keller-768x1024.jpg 768w, https:\/\/punkrock-bbq.de\/wp-content\/uploads\/2021\/10\/Keller-225x300.jpg 225w, https:\/\/punkrock-bbq.de\/wp-content\/uploads\/2021\/10\/Keller-676x901.jpg 676w, https:\/\/punkrock-bbq.de\/wp-content\/uploads\/2021\/10\/Keller.jpg 960w\" sizes=\"auto, (max-width: 768px) 100vw, 768px\" \/><\/figure><\/div>\n\n\n\n<p>Kellerbier 0,33l<\/p>\n\n\n\n<figure class=\"wp-block-image size-large\"><img loading=\"lazy\" decoding=\"async\" width=\"777\" height=\"1024\" src=\"https:\/\/punkrock-bbq.de\/wp-content\/uploads\/2021\/10\/Keller_033-777x1024.jpg\" alt=\"\" class=\"wp-image-2698\" srcset=\"https:\/\/punkrock-bbq.de\/wp-content\/uploads\/2021\/10\/Keller_033-777x1024.jpg 777w, https:\/\/punkrock-bbq.de\/wp-content\/uploads\/2021\/10\/Keller_033-228x300.jpg 228w, https:\/\/punkrock-bbq.de\/wp-content\/uploads\/2021\/10\/Keller_033-768x1012.jpg 768w, https:\/\/punkrock-bbq.de\/wp-content\/uploads\/2021\/10\/Keller_033-676x891.jpg 676w, https:\/\/punkrock-bbq.de\/wp-content\/uploads\/2021\/10\/Keller_033.jpg 971w\" sizes=\"auto, (max-width: 777px) 100vw, 777px\" \/><\/figure>\n\n\n\n<p>Dunkel 0,5l<\/p>\n\n\n\n<figure class=\"wp-block-image size-large\"><img loading=\"lazy\" decoding=\"async\" width=\"768\" height=\"1024\" src=\"https:\/\/punkrock-bbq.de\/wp-content\/uploads\/2021\/10\/Dunkel-768x1024.jpg\" alt=\"\" class=\"wp-image-2699\" srcset=\"https:\/\/punkrock-bbq.de\/wp-content\/uploads\/2021\/10\/Dunkel-768x1024.jpg 768w, https:\/\/punkrock-bbq.de\/wp-content\/uploads\/2021\/10\/Dunkel-225x300.jpg 225w, https:\/\/punkrock-bbq.de\/wp-content\/uploads\/2021\/10\/Dunkel-676x901.jpg 676w, https:\/\/punkrock-bbq.de\/wp-content\/uploads\/2021\/10\/Dunkel.jpg 960w\" sizes=\"auto, (max-width: 768px) 100vw, 768px\" \/><\/figure>\n\n\n\n<p>Weizen 0,5l<\/p>\n\n\n\n<figure class=\"wp-block-image size-large\"><img loading=\"lazy\" decoding=\"async\" width=\"768\" height=\"1024\" src=\"https:\/\/punkrock-bbq.de\/wp-content\/uploads\/2021\/10\/Weizen-768x1024.jpg\" alt=\"\" class=\"wp-image-2700\" srcset=\"https:\/\/punkrock-bbq.de\/wp-content\/uploads\/2021\/10\/Weizen-768x1024.jpg 768w, https:\/\/punkrock-bbq.de\/wp-content\/uploads\/2021\/10\/Weizen-225x300.jpg 225w, https:\/\/punkrock-bbq.de\/wp-content\/uploads\/2021\/10\/Weizen-676x901.jpg 676w, https:\/\/punkrock-bbq.de\/wp-content\/uploads\/2021\/10\/Weizen.jpg 960w\" sizes=\"auto, (max-width: 768px) 100vw, 768px\" \/><\/figure>\n\n\n\n<p>Helles 0,5l<\/p>\n\n\n\n<figure class=\"wp-block-image size-large\"><img loading=\"lazy\" decoding=\"async\" width=\"777\" height=\"1024\" src=\"https:\/\/punkrock-bbq.de\/wp-content\/uploads\/2021\/10\/Helles-777x1024.jpg\" alt=\"\" class=\"wp-image-2701\" srcset=\"https:\/\/punkrock-bbq.de\/wp-content\/uploads\/2021\/10\/Helles-777x1024.jpg 777w, https:\/\/punkrock-bbq.de\/wp-content\/uploads\/2021\/10\/Helles-228x300.jpg 228w, https:\/\/punkrock-bbq.de\/wp-content\/uploads\/2021\/10\/Helles-768x1012.jpg 768w, https:\/\/punkrock-bbq.de\/wp-content\/uploads\/2021\/10\/Helles-676x891.jpg 676w, https:\/\/punkrock-bbq.de\/wp-content\/uploads\/2021\/10\/Helles.jpg 971w\" sizes=\"auto, (max-width: 777px) 100vw, 777px\" \/><\/figure>\n\n\n\n<p><\/p>\n\n\n\n<p><\/p>\n\n\n\n<p>Es kommen immer wieder ein paar Sondersorten als Limited Edition ins Programm, die auf Facebook, Instagram und \u00fcber WhatsApp fr\u00fchzeitig angepriesen werden.<\/p>\n\n\n\n<p>Das Bier ist bei uns an der Haust\u00fcre erh\u00e4ltlich oder einmal im Monat als Lieferung bei euch an der Haust\u00fcre.<\/p>\n\n\n\n<p>Bestellungen und Fragen rund ums Bier, so wie Infos zu geplanten Aktionen gibts per WhatsApp <strong><span style=\"color:#f6080c\" class=\"has-inline-color\">094357390195<\/span><\/strong> oder auf Facebook Punkrock Br\u00e4u.<\/p>\n","protected":false},"excerpt":{"rendered":"<p>Seit Oktober 2018 haben wir unsere kleine braumeistergef\u00fchrte Brauerei im Keller offiziell angemeldet. Im Augenblick gibt es 5 Sorten: Kellerbier 0,5l Kellerbier 0,33l Dunkel 0,5l Weizen 0,5l Helles 0,5l Es kommen immer wieder ein paar Sondersorten als Limited Edition ins Programm, die auf Facebook, Instagram und \u00fcber WhatsApp fr\u00fchzeitig angepriesen werden. Das Bier ist bei [&hellip;]<\/p>\n","protected":false},"author":1,"featured_media":0,"parent":0,"menu_order":0,"comment_status":"closed","ping_status":"closed","template":"","meta":{"footnotes":""},"class_list":["post-2608","page","type-page","status-publish","hentry","post-preview"],"_links":{"self":[{"href":"https:\/\/punkrock-bbq.de\/index.php?rest_route=\/wp\/v2\/pages\/2608","targetHints":{"allow":["GET"]}}],"collection":[{"href":"https:\/\/punkrock-bbq.de\/index.php?rest_route=\/wp\/v2\/pages"}],"about":[{"href":"https:\/\/punkrock-bbq.de\/index.php?rest_route=\/wp\/v2\/types\/page"}],"author":[{"embeddable":true,"href":"https:\/\/punkrock-bbq.de\/index.php?rest_route=\/wp\/v2\/users\/1"}],"replies":[{"embeddable":true,"href":"https:\/\/punkrock-bbq.de\/index.php?rest_route=%2Fwp%2Fv2%2Fcomments&post=2608"}],"version-history":[{"count":4,"href":"https:\/\/punkrock-bbq.de\/index.php?rest_route=\/wp\/v2\/pages\/2608\/revisions"}],"predecessor-version":[{"id":2702,"href":"https:\/\/punkrock-bbq.de\/index.php?rest_route=\/wp\/v2\/pages\/2608\/revisions\/2702"}],"wp:attachment":[{"href":"https:\/\/punkrock-bbq.de\/index.php?rest_route=%2Fwp%2Fv2%2Fmedia&parent=2608"}],"curies":[{"name":"wp","href":"https:\/\/api.w.org\/{rel}","templated":true}]}}