{"id":92,"date":"2021-11-01T11:01:20","date_gmt":"2021-11-01T11:01:20","guid":{"rendered":"http:\/\/punkrock-bbq.de\/?page_id=92"},"modified":"2026-05-09T07:11:13","modified_gmt":"2026-05-09T07:11:13","slug":"news","status":"publish","type":"page","link":"https:\/\/punkrock-bbq.de\/?page_id=92","title":{"rendered":"\u00d6ffentliche Grillkurse"},"content":{"rendered":"<p>Die \u00f6ffentlichen Grillkurse finden bei Punkrock BBQ in Stulln ab 8 Personen statt und wir nehmen maximal 12 Personen pro Kurs an.<\/p>\n<p>Anmeldung erfolgt \u00fcber das Kontaktformular. Mit der Kontaktaufnahme hat man nur eine Reservierung, einen sicheren Platz hat man erst ab der Best\u00e4tigung des Zahlungseingangs, ausser man meldet sich mit einem Gutschein an.<\/p>\n<p>Falls man eine Anmeldung stornieren m\u00f6chte bekommt man bis 4 Wochen vor dem Kurs 100% wieder zur\u00fcck, zwischen 4 Wochen und einer Woche vor dem Kurs bekommt man 50% wieder. Wer sich eine Woche vor dem Kurs abmeldet bekommt 25% wieder zur\u00fcck. Abmeldungen erfolgen ebenfalls nur \u00fcber das Kontaktformular. F\u00fcr jede Stornierung behalten wir automatisch 2\u20ac Bearbeitungsgeb\u00fchr ein.<\/p>\n<p>Falls eine Woche vor dem Kurs weniger als 8 Anmeldungen vorliegen, behalte ich mir das Recht vor den Kurs kurzfristig abzusagen und das Geld zur\u00fcckzuzahlen.<\/p>\n<p>Privatkurse k\u00f6nnen nat\u00fcrlich auch angefragt werden und zu anderen Konditionen und Orten durchgef\u00fchrt werden.<\/p>\n<hr \/>\n\n\n<p class=\"has-text-align-center\"><strong>Samstag<\/strong> <strong>18.04.2026 World of Steaks&nbsp; 150\u20ac pro Person<\/strong><\/p>\n\n\n\n<p class=\"has-text-align-center\"><strong>13-20 Uhr<\/strong><\/p>\n\n\n\n<p>Ein fleischtechnischer Rundumschlag. 13 unterschiedliche Cuts weg vom klassischem R\u00fcckensteak von 5-6 Rassen, unter anderem Fullblood Wagyu, American Wagyu, Bison, US Beef, Irish Hereford, Angus,&#8230;<\/p>\n\n\n\n<figure class=\"wp-block-image size-large\"><img loading=\"lazy\" decoding=\"async\" width=\"1024\" height=\"683\" src=\"https:\/\/punkrock-bbq.de\/wp-content\/uploads\/2021\/10\/DSC_0026-1024x683.jpg\" alt=\"\" class=\"wp-image-2718\" srcset=\"https:\/\/punkrock-bbq.de\/wp-content\/uploads\/2021\/10\/DSC_0026-1024x683.jpg 1024w, https:\/\/punkrock-bbq.de\/wp-content\/uploads\/2021\/10\/DSC_0026-300x200.jpg 300w, https:\/\/punkrock-bbq.de\/wp-content\/uploads\/2021\/10\/DSC_0026-768x512.jpg 768w, https:\/\/punkrock-bbq.de\/wp-content\/uploads\/2021\/10\/DSC_0026-1536x1024.jpg 1536w, https:\/\/punkrock-bbq.de\/wp-content\/uploads\/2021\/10\/DSC_0026-2048x1365.jpg 2048w, https:\/\/punkrock-bbq.de\/wp-content\/uploads\/2021\/10\/DSC_0026-676x451.jpg 676w\" sizes=\"auto, (max-width: 1024px) 100vw, 1024px\" \/><\/figure>\n\n\n\n<p class=\"has-text-color\" style=\"color:#fc0000\"><strong>0 Pl\u00e4tze frei AUSGEBUCHT<\/strong><\/p>\n\n\n\n<hr class=\"wp-block-separator has-alpha-channel-opacity is-style-wide\"\/>\n\n\n\n<p><\/p>\n\n\n\n<p class=\"has-text-align-center\"><strong style=\"font-size: inherit;\">Samstag 30.05.2026 American BBQ&nbsp; 100\u20ac pro Person<\/strong><\/p>\n\n\n\n<p class=\"has-text-align-center\"><span style=\"font-size: inherit;\"><strong>13-20 Uhr<\/strong><\/span><\/p>\n\n\n\n<p>Der Klassiker bei uns im Haus, seit 2017 immer \u00fcberbucht!<\/p>\n\n\n\n<p>Vom Longjob zum Fingerfood, vom Smoker \u00fcber Grill zum Lagerfeuer. Ein kleiner \u00dcberblick \u00fcber die amerikanische Art des Grillens.<\/p>\n\n\n\n<figure class=\"wp-block-image size-full\"><img loading=\"lazy\" decoding=\"async\" width=\"2560\" height=\"1707\" src=\"https:\/\/punkrock-bbq.de\/wp-content\/uploads\/2022\/10\/Spareribs-scaled.jpg\" alt=\"\" class=\"wp-image-2789\" srcset=\"https:\/\/punkrock-bbq.de\/wp-content\/uploads\/2022\/10\/Spareribs-scaled.jpg 2560w, https:\/\/punkrock-bbq.de\/wp-content\/uploads\/2022\/10\/Spareribs-300x200.jpg 300w, https:\/\/punkrock-bbq.de\/wp-content\/uploads\/2022\/10\/Spareribs-1024x683.jpg 1024w, https:\/\/punkrock-bbq.de\/wp-content\/uploads\/2022\/10\/Spareribs-768x512.jpg 768w, https:\/\/punkrock-bbq.de\/wp-content\/uploads\/2022\/10\/Spareribs-1536x1024.jpg 1536w, https:\/\/punkrock-bbq.de\/wp-content\/uploads\/2022\/10\/Spareribs-2048x1365.jpg 2048w, https:\/\/punkrock-bbq.de\/wp-content\/uploads\/2022\/10\/Spareribs-676x451.jpg 676w\" sizes=\"auto, (max-width: 2560px) 100vw, 2560px\" \/><\/figure>\n\n\n\n<p class=\"has-text-color\" style=\"color:#fe0000\"><strong>0 Pl\u00e4tze frei AUSGEBUCHT<\/strong><\/p>\n\n\n\n<hr class=\"wp-block-separator has-alpha-channel-opacity is-style-wide\"\/>\n\n\n\n<p><\/p>\n\n\n\n<p class=\"has-text-align-center\"><strong style=\"font-size: inherit;\">Samstag 01.08.2026 100% Schwein&nbsp; 100\u20ac pro Person<\/strong><\/p>\n\n\n\n<p class=\"has-text-align-center\"><strong style=\"font-size: inherit; text-align: center;\">13-20 Uhr<\/strong><\/p>\n\n\n\n<p>An dem Tag dreht sich alles rund um das Thema Schwein. Aber nat\u00fcrlich nicht irgendein Schwein. Iberico, Mangalitza, Livar, Duroc und Dry Aged Schwein, als Braten, Steak oder Hackfleisch. <\/p>\n\n\n\n<figure class=\"wp-block-image size-large\"><img loading=\"lazy\" decoding=\"async\" width=\"768\" height=\"1024\" src=\"https:\/\/punkrock-bbq.de\/wp-content\/uploads\/2023\/10\/315584395_566327902171369_2069816825764846101_n-768x1024.jpg\" alt=\"\" class=\"wp-image-2883\" srcset=\"https:\/\/punkrock-bbq.de\/wp-content\/uploads\/2023\/10\/315584395_566327902171369_2069816825764846101_n-768x1024.jpg 768w, https:\/\/punkrock-bbq.de\/wp-content\/uploads\/2023\/10\/315584395_566327902171369_2069816825764846101_n-225x300.jpg 225w, https:\/\/punkrock-bbq.de\/wp-content\/uploads\/2023\/10\/315584395_566327902171369_2069816825764846101_n-1152x1536.jpg 1152w, https:\/\/punkrock-bbq.de\/wp-content\/uploads\/2023\/10\/315584395_566327902171369_2069816825764846101_n-676x901.jpg 676w, https:\/\/punkrock-bbq.de\/wp-content\/uploads\/2023\/10\/315584395_566327902171369_2069816825764846101_n.jpg 1536w\" sizes=\"auto, (max-width: 768px) 100vw, 768px\" \/><\/figure>\n\n\n\n<p class=\"has-text-align-left has-text-color has-link-color wp-elements-b3f1e4e5835c0a850b96e336b8647e60\" style=\"color:#fa0000\"><strong>0 Pl\u00e4tze frei<\/strong>, <strong>AUSGEBUCHT<\/strong><\/p>\n\n\n\n<hr class=\"wp-block-separator has-alpha-channel-opacity is-style-wide\"\/>\n\n\n\n<p><\/p>\n\n\n\n<p class=\"has-text-align-center\"><strong style=\"font-size: inherit;\">Samstag 05.09.2026 100% Rind&nbsp; 100\u20ac pro Person<\/strong><\/p>\n\n\n\n<p class=\"has-text-align-center\"><strong style=\"font-size: inherit; text-align: center;\">13-20 Uhr<\/strong><\/p>\n\n\n\n<p>An dem Tag steht das Rind im Vordergrund.<\/p>\n\n\n\n<p>Verschiedene Rassen, F\u00e4rse, Ochse, Jungbulle, Wet Aged, Dry Aged, Steaks, Braten, Hackfleisch.<\/p>\n\n\n\n<figure class=\"wp-block-image size-large\"><img loading=\"lazy\" decoding=\"async\" width=\"876\" height=\"1024\" src=\"https:\/\/punkrock-bbq.de\/wp-content\/uploads\/2022\/10\/284591510_7896331713710557_3907289396235432606_n-876x1024.jpg\" alt=\"\" class=\"wp-image-2790\" srcset=\"https:\/\/punkrock-bbq.de\/wp-content\/uploads\/2022\/10\/284591510_7896331713710557_3907289396235432606_n-876x1024.jpg 876w, https:\/\/punkrock-bbq.de\/wp-content\/uploads\/2022\/10\/284591510_7896331713710557_3907289396235432606_n-257x300.jpg 257w, https:\/\/punkrock-bbq.de\/wp-content\/uploads\/2022\/10\/284591510_7896331713710557_3907289396235432606_n-768x897.jpg 768w, https:\/\/punkrock-bbq.de\/wp-content\/uploads\/2022\/10\/284591510_7896331713710557_3907289396235432606_n-676x790.jpg 676w, https:\/\/punkrock-bbq.de\/wp-content\/uploads\/2022\/10\/284591510_7896331713710557_3907289396235432606_n.jpg 1080w\" sizes=\"auto, (max-width: 876px) 100vw, 876px\" \/><\/figure>\n\n\n\n<p class=\"has-text-color\" style=\"color:#ff0000\"><strong>0 Pl\u00e4tze frei AUSGEBUCHT<\/strong><\/p>\n\n\n\n<hr class=\"wp-block-separator has-alpha-channel-opacity is-style-wide\"\/>\n\n\n\n<p><\/p>\n\n\n\n<p class=\"has-text-align-center has-dark-gray-color has-text-color\"><strong>Samstag<\/strong> <strong>03.10.2026 World of Steaks&nbsp; 150\u20ac pro Person<\/strong><\/p>\n\n\n\n<p class=\"has-text-align-center\"><strong>13-20 Uhr<\/strong><\/p>\n\n\n\n<p class=\"has-dark-gray-color has-text-color\">Ein fleischtechnischer Rundumschlag. 13 unterschiedliche Cuts weg vom klassischem R\u00fcckensteak von 5-6 Rassen, unter anderem Fullblood Wagyu, American Wagyu, Bison, US Beef, Irish Hereford, Angus,&#8230;<\/p>\n\n\n\n<figure class=\"wp-block-image size-large\"><img loading=\"lazy\" decoding=\"async\" width=\"1024\" height=\"683\" src=\"https:\/\/punkrock-bbq.de\/wp-content\/uploads\/2021\/10\/DSC_0026-1024x683.jpg\" alt=\"\" class=\"wp-image-2718\" srcset=\"https:\/\/punkrock-bbq.de\/wp-content\/uploads\/2021\/10\/DSC_0026-1024x683.jpg 1024w, https:\/\/punkrock-bbq.de\/wp-content\/uploads\/2021\/10\/DSC_0026-300x200.jpg 300w, https:\/\/punkrock-bbq.de\/wp-content\/uploads\/2021\/10\/DSC_0026-768x512.jpg 768w, https:\/\/punkrock-bbq.de\/wp-content\/uploads\/2021\/10\/DSC_0026-1536x1024.jpg 1536w, https:\/\/punkrock-bbq.de\/wp-content\/uploads\/2021\/10\/DSC_0026-2048x1365.jpg 2048w, https:\/\/punkrock-bbq.de\/wp-content\/uploads\/2021\/10\/DSC_0026-676x451.jpg 676w\" sizes=\"auto, (max-width: 1024px) 100vw, 1024px\" \/><\/figure>\n\n\n\n<p class=\"has-text-color has-link-color wp-elements-d62eac8bc5f5b651dee7577b81843d13\" style=\"color:#ff0000\"><strong>5 Pl\u00e4tze frei<\/strong><\/p>\n\n\n\n<hr class=\"wp-block-separator has-alpha-channel-opacity is-style-wide\"\/>\n\n\n\n<p><\/p>\n\n\n\n<p class=\"has-text-color\" style=\"color:#ff0000\"><em><strong>Bei den Kursen geht es prim\u00e4r ums Grillen. Dementsprechend setzen wir voraus dass jeder Teilnehmer seinen Alkoholkonsum so anpasst, dass er nicht stockbetrunken ist. Wer es \u00fcbertreibt oder negativ auff\u00e4llt wird der Veranstaltung verwiesen.<\/strong><\/em><\/p>\n","protected":false},"excerpt":{"rendered":"<p>Die \u00f6ffentlichen Grillkurse finden bei Punkrock BBQ in Stulln ab 8 Personen statt und wir nehmen maximal 12 Personen pro Kurs an. Anmeldung erfolgt \u00fcber das Kontaktformular. Mit der Kontaktaufnahme hat man nur eine Reservierung, einen sicheren Platz hat man erst ab der Best\u00e4tigung des Zahlungseingangs, ausser man meldet sich mit einem Gutschein an. Falls [&hellip;]<\/p>\n","protected":false},"author":1,"featured_media":0,"parent":0,"menu_order":0,"comment_status":"closed","ping_status":"closed","template":"","meta":{"footnotes":""},"class_list":["post-92","page","type-page","status-publish","hentry","post-preview"],"_links":{"self":[{"href":"https:\/\/punkrock-bbq.de\/index.php?rest_route=\/wp\/v2\/pages\/92","targetHints":{"allow":["GET"]}}],"collection":[{"href":"https:\/\/punkrock-bbq.de\/index.php?rest_route=\/wp\/v2\/pages"}],"about":[{"href":"https:\/\/punkrock-bbq.de\/index.php?rest_route=\/wp\/v2\/types\/page"}],"author":[{"embeddable":true,"href":"https:\/\/punkrock-bbq.de\/index.php?rest_route=\/wp\/v2\/users\/1"}],"replies":[{"embeddable":true,"href":"https:\/\/punkrock-bbq.de\/index.php?rest_route=%2Fwp%2Fv2%2Fcomments&post=92"}],"version-history":[{"count":268,"href":"https:\/\/punkrock-bbq.de\/index.php?rest_route=\/wp\/v2\/pages\/92\/revisions"}],"predecessor-version":[{"id":3031,"href":"https:\/\/punkrock-bbq.de\/index.php?rest_route=\/wp\/v2\/pages\/92\/revisions\/3031"}],"wp:attachment":[{"href":"https:\/\/punkrock-bbq.de\/index.php?rest_route=%2Fwp%2Fv2%2Fmedia&parent=92"}],"curies":[{"name":"wp","href":"https:\/\/api.w.org\/{rel}","templated":true}]}}