{"id":99,"date":"2017-11-30T16:41:13","date_gmt":"2017-11-30T16:41:13","guid":{"rendered":"http:\/\/punkrock-bbq.de\/?page_id=99"},"modified":"2026-01-01T13:14:47","modified_gmt":"2026-01-01T13:14:47","slug":"the-punkrock-show","status":"publish","type":"page","link":"https:\/\/punkrock-bbq.de\/","title":{"rendered":"Punkrock BBQ"},"content":{"rendered":"<h4><strong><span style=\"color: #000000;\">Eventcatering &#8211; Feiern &#8211; Grillkurse<\/span><\/strong><\/h4>\n<p>Im Oktober 2026 beende ich meine Karriere am Grill und ziehe mich nach \u00fcber 400 erfolgreichen Veranstaltungen zur\u00fcck. Es werden keine neuen Anfragen angenommen und nur noch die bereits best\u00e4tigten Buchungen abgearbeitet. Bei den Kursen gibts noch freie Pl\u00e4tze, das sollte man sich nicht entgehen lassen!<\/p>\n<p>Ansonsten kann ich mich nur nochmal bedanken f\u00fcr die geilen Jahre. Nat\u00fcrlich geh ich mit einem weinenden Auge aber ich werde in Zukunft an anderer Stelle mehr ben\u00f6tigt.<\/p>\n<p>Nat\u00fcrlich k\u00f6nnen g\u00fcltige Gutscheine weiterhin eingel\u00f6st werden. Falls die Kurse schon voll sind wird das Geld anstandslos zur\u00fcckerstattet.<\/p>\n<p>&nbsp;<\/p>\n<p>&nbsp;<\/p>\n<p>&nbsp;<\/p>\n<p><img loading=\"lazy\" decoding=\"async\" class=\"wp-image-2889 size-full aligncenter\" src=\"https:\/\/punkrock-bbq.de\/wp-content\/uploads\/2023\/11\/398849043_817685297035627_1147918210439605169_n.jpg\" alt=\"\" width=\"1066\" height=\"1600\" srcset=\"https:\/\/punkrock-bbq.de\/wp-content\/uploads\/2023\/11\/398849043_817685297035627_1147918210439605169_n.jpg 1066w, https:\/\/punkrock-bbq.de\/wp-content\/uploads\/2023\/11\/398849043_817685297035627_1147918210439605169_n-200x300.jpg 200w, https:\/\/punkrock-bbq.de\/wp-content\/uploads\/2023\/11\/398849043_817685297035627_1147918210439605169_n-682x1024.jpg 682w, https:\/\/punkrock-bbq.de\/wp-content\/uploads\/2023\/11\/398849043_817685297035627_1147918210439605169_n-768x1153.jpg 768w, https:\/\/punkrock-bbq.de\/wp-content\/uploads\/2023\/11\/398849043_817685297035627_1147918210439605169_n-1023x1536.jpg 1023w, https:\/\/punkrock-bbq.de\/wp-content\/uploads\/2023\/11\/398849043_817685297035627_1147918210439605169_n-676x1015.jpg 676w\" sizes=\"auto, (max-width: 1066px) 100vw, 1066px\" \/><\/p>\n<p>&nbsp;<\/p>\n<p>&nbsp;<\/p>\n","protected":false},"excerpt":{"rendered":"<p>Eventcatering &#8211; Feiern &#8211; Grillkurse Im Oktober 2026 beende ich meine Karriere am Grill und ziehe mich nach \u00fcber 400 erfolgreichen Veranstaltungen zur\u00fcck. Es werden keine neuen Anfragen angenommen und nur noch die bereits best\u00e4tigten Buchungen abgearbeitet. Bei den Kursen gibts noch freie Pl\u00e4tze, das sollte man sich nicht entgehen lassen! Ansonsten kann ich mich [&hellip;]<\/p>\n","protected":false},"author":1,"featured_media":0,"parent":0,"menu_order":0,"comment_status":"closed","ping_status":"closed","template":"","meta":{"footnotes":""},"class_list":["post-99","page","type-page","status-publish","hentry","post-preview"],"_links":{"self":[{"href":"https:\/\/punkrock-bbq.de\/index.php?rest_route=\/wp\/v2\/pages\/99","targetHints":{"allow":["GET"]}}],"collection":[{"href":"https:\/\/punkrock-bbq.de\/index.php?rest_route=\/wp\/v2\/pages"}],"about":[{"href":"https:\/\/punkrock-bbq.de\/index.php?rest_route=\/wp\/v2\/types\/page"}],"author":[{"embeddable":true,"href":"https:\/\/punkrock-bbq.de\/index.php?rest_route=\/wp\/v2\/users\/1"}],"replies":[{"embeddable":true,"href":"https:\/\/punkrock-bbq.de\/index.php?rest_route=%2Fwp%2Fv2%2Fcomments&post=99"}],"version-history":[{"count":21,"href":"https:\/\/punkrock-bbq.de\/index.php?rest_route=\/wp\/v2\/pages\/99\/revisions"}],"predecessor-version":[{"id":3016,"href":"https:\/\/punkrock-bbq.de\/index.php?rest_route=\/wp\/v2\/pages\/99\/revisions\/3016"}],"wp:attachment":[{"href":"https:\/\/punkrock-bbq.de\/index.php?rest_route=%2Fwp%2Fv2%2Fmedia&parent=99"}],"curies":[{"name":"wp","href":"https:\/\/api.w.org\/{rel}","templated":true}]}}